{"id":895,"date":"2025-01-28T13:21:21","date_gmt":"2025-01-28T12:21:21","guid":{"rendered":"https:\/\/die-partei-by.de\/?page_id=895"},"modified":"2025-01-28T13:50:39","modified_gmt":"2025-01-28T12:50:39","slug":"landtagswahlen-bezirkstagswahlen-2023","status":"publish","type":"page","link":"https:\/\/die-partei-by.de\/index.php\/landtagswahlen-bezirkstagswahlen-2023\/","title":{"rendered":"Landtags- &amp; Bezirkstagswahlen 2023"},"content":{"rendered":"<p>[et_pb_section fb_built=&#8220;1&#8243; _builder_version=&#8220;4.27.4&#8243; _module_preset=&#8220;default&#8220; da_disable_devices=&#8220;off|off|off&#8220; global_colors_info=&#8220;{}&#8220; da_is_popup=&#8220;off&#8220; da_exit_intent=&#8220;off&#8220; da_has_close=&#8220;on&#8220; da_alt_close=&#8220;off&#8220; da_dark_close=&#8220;off&#8220; da_not_modal=&#8220;on&#8220; da_is_singular=&#8220;off&#8220; da_with_loader=&#8220;off&#8220; da_has_shadow=&#8220;on&#8220;][et_pb_row _builder_version=&#8220;4.27.4&#8243; _module_preset=&#8220;default&#8220; global_colors_info=&#8220;{}&#8220;][et_pb_column type=&#8220;4_4&#8243; _builder_version=&#8220;4.27.4&#8243; _module_preset=&#8220;default&#8220; global_colors_info=&#8220;{}&#8220;][et_pb_heading title=&#8220;Bundestags- &#038; Bezirkstagswahlen 2023&#8243; _builder_version=&#8220;4.27.4&#8243; _module_preset=&#8220;default&#8220; hover_enabled=&#8220;0&#8243; global_colors_info=&#8220;{}&#8220; sticky_enabled=&#8220;0&#8243;][\/et_pb_heading][\/et_pb_column][\/et_pb_row][\/et_pb_section][et_pb_section fb_built=&#8220;1&#8243; admin_label=&#8220;Blog&#8220; _builder_version=&#8220;4.16&#8243; background_color=&#8220;RGBA(0,0,0,0)&#8220; da_disable_devices=&#8220;off|off|off&#8220; locked=&#8220;off&#8220; collapsed=&#8220;off&#8220; global_colors_info=&#8220;{}&#8220; da_is_popup=&#8220;off&#8220; da_exit_intent=&#8220;off&#8220; da_has_close=&#8220;on&#8220; da_alt_close=&#8220;off&#8220; da_dark_close=&#8220;off&#8220; da_not_modal=&#8220;on&#8220; da_is_singular=&#8220;off&#8220; da_with_loader=&#8220;off&#8220; da_has_shadow=&#8220;on&#8220;][et_pb_row _builder_version=&#8220;4.22.2&#8243; _module_preset=&#8220;default&#8220; custom_padding=&#8220;71px|||||&#8220; global_colors_info=&#8220;{}&#8220;][et_pb_column type=&#8220;4_4&#8243; _builder_version=&#8220;4.20.2&#8243; _module_preset=&#8220;default&#8220; global_colors_info=&#8220;{}&#8220;][et_pb_text _builder_version=&#8220;4.27.0&#8243; _module_preset=&#8220;default&#8220; text_font=&#8220;|700|||||||&#8220; text_font_size=&#8220;26px&#8220; text_line_height=&#8220;1.8em&#8220; text_orientation=&#8220;center&#8220; custom_padding=&#8220;10px||10px||false|false&#8220; border_width_all=&#8220;6px&#8220; border_color_all=&#8220;#B91023&#8243; global_colors_info=&#8220;{}&#8220;]<\/p>\n<p>LANDTAGSWAHLEN 2023 &#8211; Wir haben gewonnen!!!<\/p>\n<p>[\/et_pb_text][et_pb_text _builder_version=&#8220;4.27.0&#8243; _module_preset=&#8220;default&#8220; text_font_size=&#8220;24px&#8220; text_line_height=&#8220;1.8em&#8220; global_colors_info=&#8220;{}&#8220;]<\/p>\n<p style=\"text-align: center;\">Wir sind zu Tr\u00e4nen ger\u00fchrt und h\u00f6chst erfreut, da wir den Sieg der Landtags- und der Bezrisktagswahl bekannt geben d\u00fcrfen. Hier die Ergebnisse:<\/p>\n<p style=\"text-align: center;\">Landtagswahl in Schwaben: 1,2% (Erststimmen) und 1,3%(Zweitstimmen)<\/p>\n<p style=\"text-align: center;\">Landtagswahl in Oberbayern: 0,9% (Erststimmen) und 0,8%(Zweitstimmen)<\/p>\n<p style=\"text-align: center;\">Bezirkstagswahl in Schwaben: 1,19%<\/p>\n<p style=\"text-align: center;\">Bezirkstagswahl in Oberbayern: 1%<\/p>\n<p style=\"text-align: center;\">Erneut ein klarer Regierungsauftrag. Die Gr\u00fcnen haben sich schon als Juniorpartner angeboten, wenn sie das bayerische Aussenministerium bekommen. Denn die Gr\u00fcnen k\u00f6nnen gut Englisch und wir auch nicht. P.S.: wer auf Grafiken steht f\u00fcr den haben wir unten auch noch was (Mann, immer das gescrolle, tztztz&#8230;)<\/p>\n<p style=\"text-align: center;\">D.h. wir haben jetzt im Bezirkstag von Oberbayern einen neuen Betriebsunfall \u00e4h Mandatstr\u00e4ger sitzen! Und zwar den sehr guten Oliver Skerlec!<\/p>\n<p style=\"text-align: center;\">Er macht keinen Schei\u00df mit Eurem Kreuz!<\/p>\n<p style=\"text-align: center;\">Unten haben wir unsere Werbespots mal gelassen, schadet ja nix:<\/p>\n<p>[\/et_pb_text][et_pb_image src=&#8220;https:\/\/die-partei-by.de\/wp-content\/uploads\/2023\/10\/LTW-Ergebnis-Schwaben23.jpg&#8220; title_text=&#8220;LTW Ergebnis Schwaben23&#8243; _builder_version=&#8220;4.22.2&#8243; _module_preset=&#8220;default&#8220; global_colors_info=&#8220;{}&#8220;][\/et_pb_image][et_pb_image src=&#8220;https:\/\/die-partei-by.de\/wp-content\/uploads\/2023\/10\/LTW-Ergebnis-OBB23.jpg&#8220; title_text=&#8220;LTW Ergebnis OBB23&#8243; _builder_version=&#8220;4.22.2&#8243; _module_preset=&#8220;default&#8220; global_colors_info=&#8220;{}&#8220;][\/et_pb_image][et_pb_button button_url=&#8220;https:\/\/youtu.be\/mYrJvX3gwuk&#8220; url_new_window=&#8220;on&#8220; button_text=&#8220;Wahlwerbespot zur LTWBezTG2023&#8243; button_alignment=&#8220;center&#8220; _builder_version=&#8220;4.22.2&#8243; _module_preset=&#8220;default&#8220; global_colors_info=&#8220;{}&#8220;][\/et_pb_button][et_pb_button button_url=&#8220;https:\/\/youtu.be\/Cxu5PiSkvd0&#8243; url_new_window=&#8220;on&#8220; button_text=&#8220;noch ein Wahlwerbespot zur Wahl Juhu!&#8220; button_alignment=&#8220;center&#8220; _builder_version=&#8220;4.22.2&#8243; _module_preset=&#8220;default&#8220; global_colors_info=&#8220;{}&#8220;][\/et_pb_button][et_pb_button button_url=&#8220;https:\/\/youtu.be\/jgYtTb-kRW4?si=75VgyuBV6zRoruQ7&#8243; url_new_window=&#8220;on&#8220; button_text=&#8220;So klingt gute Werbung im Radio&#8220; button_alignment=&#8220;center&#8220; _builder_version=&#8220;4.22.2&#8243; _module_preset=&#8220;default&#8220; global_colors_info=&#8220;{}&#8220;][\/et_pb_button][et_pb_video_slider _builder_version=&#8220;4.22.2&#8243; _module_preset=&#8220;default&#8220; global_colors_info=&#8220;{}&#8220;][et_pb_video_slider_item src_webm=&#8220;https:\/\/die-partei-by.de\/wp-content\/uploads\/2023\/10\/video_2023-10-06_15-57-30.mp4&#8243; _builder_version=&#8220;4.22.2&#8243; _module_preset=&#8220;default&#8220; global_colors_info=&#8220;{}&#8220; show_image_overlay=&#8220;off&#8220;][\/et_pb_video_slider_item][\/et_pb_video_slider][et_pb_button button_url=&#8220;https:\/\/die-partei-schwaben.de\/&#8220; url_new_window=&#8220;on&#8220; button_text=&#8220;Die PARTEI Schwaben&#8220; button_alignment=&#8220;center&#8220; _builder_version=&#8220;4.20.2&#8243; _module_preset=&#8220;default&#8220; filter_hue_rotate=&#8220;359deg&#8220; box_shadow_style=&#8220;preset4&#8243; global_colors_info=&#8220;{}&#8220;][\/et_pb_button][et_pb_button button_url=&#8220;https:\/\/die-partei.net\/oberbayern\/programm\/&#8220; url_new_window=&#8220;on&#8220; button_text=&#8220;Die PARTEI Oberbayern&#8220; button_alignment=&#8220;center&#8220; _builder_version=&#8220;4.22.2&#8243; _module_preset=&#8220;default&#8220; filter_hue_rotate=&#8220;359deg&#8220; box_shadow_style=&#8220;preset4&#8243; global_colors_info=&#8220;{}&#8220;][\/et_pb_button][\/et_pb_column][\/et_pb_row][et_pb_row column_structure=&#8220;1_3,1_3,1_3&#8243; _builder_version=&#8220;4.20.2&#8243; _module_preset=&#8220;74d0d676-6030-4d61-8810-f0e312d09965&#8243; global_colors_info=&#8220;{}&#8220;][et_pb_column type=&#8220;1_3&#8243; _builder_version=&#8220;4.20.2&#8243; _module_preset=&#8220;default&#8220; global_colors_info=&#8220;{}&#8220;][et_pb_countdown_timer title=&#8220;Beteiligungsanzeige&#8220; date_time=&#8220;2023-07-10 18:00&#8243; _builder_version=&#8220;4.20.2&#8243; _module_preset=&#8220;default&#8220; global_colors_info=&#8220;{}&#8220;][\/et_pb_countdown_timer][\/et_pb_column][et_pb_column type=&#8220;1_3&#8243; _builder_version=&#8220;4.20.2&#8243; _module_preset=&#8220;default&#8220; global_colors_info=&#8220;{}&#8220;][et_pb_countdown_timer title=&#8220;Einreichung der UUs&#8220; date_time=&#8220;2023-07-27 23:59&#8243; _builder_version=&#8220;4.20.2&#8243; _module_preset=&#8220;default&#8220; global_colors_info=&#8220;{}&#8220;][\/et_pb_countdown_timer][\/et_pb_column][et_pb_column type=&#8220;1_3&#8243; _builder_version=&#8220;4.20.2&#8243; _module_preset=&#8220;default&#8220; global_colors_info=&#8220;{}&#8220;][et_pb_countdown_timer title=&#8220;Entscheidung der Wahlleiter zur Zulassung&#8220; date_time=&#8220;2023-08-11 12:00&#8243; _builder_version=&#8220;4.20.2&#8243; _module_preset=&#8220;default&#8220; global_colors_info=&#8220;{}&#8220;][\/et_pb_countdown_timer][\/et_pb_column][\/et_pb_row][et_pb_row column_structure=&#8220;1_3,1_3,1_3&#8243; _builder_version=&#8220;4.20.2&#8243; _module_preset=&#8220;default&#8220; global_colors_info=&#8220;{}&#8220;][et_pb_column type=&#8220;1_3&#8243; _builder_version=&#8220;4.20.2&#8243; _module_preset=&#8220;default&#8220; global_colors_info=&#8220;{}&#8220;][et_pb_circle_counter title=&#8220;UUs Oberschwaben&#8220; number=&#8220;110&#8243; _builder_version=&#8220;4.22.2&#8243; _module_preset=&#8220;default&#8220; global_colors_info=&#8220;{}&#8220;][\/et_pb_circle_counter][\/et_pb_column][et_pb_column type=&#8220;1_3&#8243; _builder_version=&#8220;4.20.2&#8243; _module_preset=&#8220;default&#8220; global_colors_info=&#8220;{}&#8220;][et_pb_counters _builder_version=&#8220;4.22.2&#8243; _module_preset=&#8220;default&#8220; global_colors_info=&#8220;{}&#8220;][et_pb_counter percent=&#8220;110&#8243; _builder_version=&#8220;4.22.2&#8243; _module_preset=&#8220;default&#8220; global_colors_info=&#8220;{}&#8220; bar_background_color_default=&#8220;#b91023&#8243; use_percentages=&#8220;on&#8220;]UUs Oberbayern[\/et_pb_counter][et_pb_counter percent=&#8220;111&#8243; _builder_version=&#8220;4.22.2&#8243; _module_preset=&#8220;default&#8220; global_colors_info=&#8220;{}&#8220; bar_background_color_default=&#8220;#b91023&#8243; use_percentages=&#8220;on&#8220;]UUs Schwaben[\/et_pb_counter][et_pb_counter percent=&#8220;77&#8243; _builder_version=&#8220;4.20.2&#8243; _module_preset=&#8220;default&#8220; global_colors_info=&#8220;{}&#8220; bar_background_color_default=&#8220;#b91023&#8243; use_percentages=&#8220;on&#8220;]UUs Oberpfalz[\/et_pb_counter][\/et_pb_counters][\/et_pb_column][et_pb_column type=&#8220;1_3&#8243; _builder_version=&#8220;4.20.2&#8243; _module_preset=&#8220;default&#8220; global_colors_info=&#8220;{}&#8220;][et_pb_number_counter title=&#8220;UU Schwaben und Oberbayern&#8220; number=&#8220;3821&#8243; percent_sign=&#8220;off&#8220; _builder_version=&#8220;4.22.2&#8243; _module_preset=&#8220;default&#8220; global_colors_info=&#8220;{}&#8220;][\/et_pb_number_counter][\/et_pb_column][\/et_pb_row][\/et_pb_section]<\/p>\n","protected":false},"excerpt":{"rendered":"<p>LANDTAGSWAHLEN 2023 &#8211; Wir haben gewonnen!!!Wir sind zu Tr\u00e4nen ger\u00fchrt und h\u00f6chst erfreut, da wir den Sieg der Landtags- und der Bezrisktagswahl bekannt geben d\u00fcrfen. Hier die Ergebnisse: Landtagswahl in Schwaben: 1,2% (Erststimmen) und 1,3%(Zweitstimmen) Landtagswahl in Oberbayern: 0,9% (Erststimmen) und 0,8%(Zweitstimmen) Bezirkstagswahl in Schwaben: 1,19% Bezirkstagswahl in Oberbayern: 1% Erneut ein klarer Regierungsauftrag. Die [&hellip;]<\/p>\n","protected":false},"author":3,"featured_media":0,"parent":0,"menu_order":0,"comment_status":"closed","ping_status":"closed","template":"","meta":{"_et_pb_use_builder":"on","_et_pb_old_content":"","_et_gb_content_width":"","inline_featured_image":false,"footnotes":""},"class_list":["post-895","page","type-page","status-publish","hentry"],"_links":{"self":[{"href":"https:\/\/die-partei-by.de\/index.php\/wp-json\/wp\/v2\/pages\/895","targetHints":{"allow":["GET"]}}],"collection":[{"href":"https:\/\/die-partei-by.de\/index.php\/wp-json\/wp\/v2\/pages"}],"about":[{"href":"https:\/\/die-partei-by.de\/index.php\/wp-json\/wp\/v2\/types\/page"}],"author":[{"embeddable":true,"href":"https:\/\/die-partei-by.de\/index.php\/wp-json\/wp\/v2\/users\/3"}],"replies":[{"embeddable":true,"href":"https:\/\/die-partei-by.de\/index.php\/wp-json\/wp\/v2\/comments?post=895"}],"version-history":[{"count":5,"href":"https:\/\/die-partei-by.de\/index.php\/wp-json\/wp\/v2\/pages\/895\/revisions"}],"predecessor-version":[{"id":912,"href":"https:\/\/die-partei-by.de\/index.php\/wp-json\/wp\/v2\/pages\/895\/revisions\/912"}],"wp:attachment":[{"href":"https:\/\/die-partei-by.de\/index.php\/wp-json\/wp\/v2\/media?parent=895"}],"curies":[{"name":"wp","href":"https:\/\/api.w.org\/{rel}","templated":true}]}}