{"id":900,"date":"2025-01-28T13:22:14","date_gmt":"2025-01-28T12:22:14","guid":{"rendered":"https:\/\/die-partei-by.de\/?page_id=900"},"modified":"2025-01-28T13:22:15","modified_gmt":"2025-01-28T12:22:15","slug":"bundestagswahl-2025","status":"publish","type":"page","link":"https:\/\/die-partei-by.de\/index.php\/bundestagswahl-2025\/","title":{"rendered":"Bundestagswahl 2025"},"content":{"rendered":"\n[et_pb_section fb_built=&#8220;1&#8243; theme_builder_area=&#8220;post_content&#8220; _builder_version=&#8220;4.27.4&#8243; _module_preset=&#8220;default&#8220; da_is_popup=&#8220;off&#8220; da_exit_intent=&#8220;off&#8220; da_has_close=&#8220;on&#8220; da_alt_close=&#8220;off&#8220; da_dark_close=&#8220;off&#8220; da_not_modal=&#8220;on&#8220; da_is_singular=&#8220;off&#8220; da_with_loader=&#8220;off&#8220; da_has_shadow=&#8220;on&#8220; da_disable_devices=&#8220;off|off|off&#8220;][et_pb_row _builder_version=&#8220;4.27.4&#8243; _module_preset=&#8220;default&#8220; theme_builder_area=&#8220;post_content&#8220;][et_pb_column _builder_version=&#8220;4.27.4&#8243; _module_preset=&#8220;default&#8220; type=&#8220;4_4&#8243; theme_builder_area=&#8220;post_content&#8220;][et_pb_heading title=&#8220;Bundestagswahl 2025&#8243; _builder_version=&#8220;4.27.4&#8243; _module_preset=&#8220;default&#8220; theme_builder_area=&#8220;post_content&#8220; hover_enabled=&#8220;0&#8243; sticky_enabled=&#8220;0&#8243;][\/et_pb_heading][\/et_pb_column][\/et_pb_row][\/et_pb_section][et_pb_section fb_built=&#8220;1&#8243; _builder_version=&#8220;4.27.4&#8243; _module_preset=&#8220;default&#8220; da_disable_devices=&#8220;off|off|off&#8220; locked=&#8220;off&#8220; global_colors_info=&#8220;{}&#8220; theme_builder_area=&#8220;post_content&#8220; da_is_popup=&#8220;off&#8220; da_exit_intent=&#8220;off&#8220; da_has_close=&#8220;on&#8220; da_alt_close=&#8220;off&#8220; da_dark_close=&#8220;off&#8220; da_not_modal=&#8220;on&#8220; da_is_singular=&#8220;off&#8220; da_with_loader=&#8220;off&#8220; da_has_shadow=&#8220;on&#8220;][et_pb_row _builder_version=&#8220;4.27.4&#8243; _module_preset=&#8220;default&#8220; global_colors_info=&#8220;{}&#8220; theme_builder_area=&#8220;post_content&#8220;][et_pb_column type=&#8220;4_4&#8243; _builder_version=&#8220;4.27.4&#8243; _module_preset=&#8220;default&#8220; global_colors_info=&#8220;{}&#8220; theme_builder_area=&#8220;post_content&#8220;][et_pb_heading title=&#8220;Unsere ListenkandidatXe f\u00fcr Bayern zur Bundestagswahl 2025!&#8220; _builder_version=&#8220;4.27.4&#8243; _module_preset=&#8220;default&#8220; global_colors_info=&#8220;{}&#8220; theme_builder_area=&#8220;post_content&#8220;][\/et_pb_heading][\/et_pb_column][\/et_pb_row][et_pb_row column_structure=&#8220;1_5,1_5,1_5,1_5,1_5&#8243; _builder_version=&#8220;4.27.4&#8243; _module_preset=&#8220;default&#8220; global_colors_info=&#8220;{}&#8220; theme_builder_area=&#8220;post_content&#8220;][et_pb_column type=&#8220;1_5&#8243; _builder_version=&#8220;4.27.4&#8243; _module_preset=&#8220;default&#8220; global_colors_info=&#8220;{}&#8220; theme_builder_area=&#8220;post_content&#8220;][et_pb_team_member name=&#8220;Barbara Hinkelbein&#8220; position=&#8220;Listenplatz: 1&#8243; image_url=&#8220;https:\/\/die-partei-by.de\/wp-content\/uploads\/2025\/01\/photo_5215252112223627933_y1.jpg&#8220; _builder_version=&#8220;4.27.4&#8243; _module_preset=&#8220;default&#8220; custom_padding=&#8220;0px|||||&#8220; global_colors_info=&#8220;{}&#8220; image_url__hover_enabled=&#8220;on|desktop&#8220; image_url__hover=&#8220;https:\/\/die-partei-by.de\/wp-content\/uploads\/2025\/01\/photo_5215252112223627933_y1.jpg&#8220; theme_builder_area=&#8220;post_content&#8220;]<p><span style=\"color: #b91023;\"><\/span><\/p>\n<p><span style=\"color: #b91023;\">Alter:<\/span> 49<br \/><span style=\"color: #b91023;\">Beruf:<span style=\"color: #848484;\"> Gewerkschafterin<\/span><\/span><br \/><span style=\"color: #848484;\"><span style=\"color: #b91023;\">Wieso ich:<\/span> Niemand hat die Absicht eine Brandmauer zu bauen &#8211; ich schon!<\/span><\/p>[\/et_pb_team_member][\/et_pb_column][et_pb_column type=&#8220;1_5&#8243; _builder_version=&#8220;4.27.4&#8243; _module_preset=&#8220;default&#8220; global_colors_info=&#8220;{}&#8220; theme_builder_area=&#8220;post_content&#8220;][et_pb_team_member name=&#8220;Bernd Sandner&#8220; position=&#8220;Listenplatz: 2&#8243; image_url=&#8220;https:\/\/die-partei-by.de\/wp-content\/uploads\/2025\/01\/photo_5242657297812024122_y1.jpg&#8220; _builder_version=&#8220;4.27.4&#8243; _module_preset=&#8220;default&#8220; global_colors_info=&#8220;{}&#8220; image_url__hover_enabled=&#8220;on|desktop&#8220; image_url__hover=&#8220;https:\/\/die-partei-by.de\/wp-content\/uploads\/2025\/01\/photo_5242657297812024122_y1.jpg&#8220; theme_builder_area=&#8220;post_content&#8220;]<p><span style=\"color: #b91023;\"><\/span><\/p>\n<p><span style=\"color: #b91023;\">Alter:<\/span> 52<br \/><span style=\"color: #b91023;\">Beruf:<span style=\"color: #848484;\"> Kfm. Angestellter<\/span><\/span><br \/><span style=\"color: #848484;\"><span style=\"color: #b91023;\">Wieso ich:<\/span> Ich kann alles und wei\u00df viel, deshalb bin ich, bei aller Bescheidenheit, der beste Kandidat, der jemals f\u00fcr den Bundestag angetreten ist. Ich verspreche meinen W\u00e4hlern bis zum letzten Blutstropfen gegen die CDU\/CSU Mafia zu k\u00e4mpfen und t\u00e4glich Freibier.<\/span><span style=\"color: #848484;\"><\/span><\/p>[\/et_pb_team_member][\/et_pb_column][et_pb_column type=&#8220;1_5&#8243; _builder_version=&#8220;4.27.4&#8243; _module_preset=&#8220;default&#8220; global_colors_info=&#8220;{}&#8220; theme_builder_area=&#8220;post_content&#8220;][et_pb_team_member name=&#8220;Jana L\u00f6chel&#8220; image_url=&#8220;https:\/\/die-partei-by.de\/wp-content\/uploads\/2025\/01\/photo_5215252112223627791_y1.jpg&#8220; _builder_version=&#8220;4.27.4&#8243; _module_preset=&#8220;default&#8220; global_colors_info=&#8220;{}&#8220; theme_builder_area=&#8220;post_content&#8220;]<p><span style=\"color: #848484;\">Listenplatz: 3<\/span><span style=\"color: #b91023;\"><\/span><\/p>\n<p><span style=\"color: #b91023;\">Alter:<\/span> <span style=\"color: #848484;\">\u00e4lter als ich aussehe<\/span><br \/><span style=\"color: #b91023;\">Beruf:<span style=\"color: #848484;\"> Softwaredings<\/span><\/span><br \/><span style=\"color: #b91023;\">Wieso ich:<\/span><span style=\"color: #848484;\"> Weil ich vor einem Publikum eine Hassrede halten wollte und dann versehentlich gew\u00e4hlt wurde.<\/span><\/p>[\/et_pb_team_member][\/et_pb_column][et_pb_column type=&#8220;1_5&#8243; _builder_version=&#8220;4.27.4&#8243; _module_preset=&#8220;default&#8220; global_colors_info=&#8220;{}&#8220; theme_builder_area=&#8220;post_content&#8220;][et_pb_team_member name=&#8220;Jens Rohrer&#8220; position=&#8220;Listenplatz: 4&#8243; image_url=&#8220;https:\/\/die-partei-by.de\/wp-content\/uploads\/2025\/01\/photo_5215252112223627856_y1.jpg&#8220; _builder_version=&#8220;4.27.4&#8243; _module_preset=&#8220;default&#8220; global_colors_info=&#8220;{}&#8220; theme_builder_area=&#8220;post_content&#8220;]<p><span style=\"color: #b91023;\"><\/span><\/p>\n<p><span style=\"color: #b91023;\">Alter:<\/span> 49<br \/><span style=\"color: #b91023;\">Beruf: <span style=\"color: #848484;\">Schriftsteller<\/span><\/span><br \/><span style=\"color: #848484;\"><span style=\"color: #b91023;\">Wieso ich:<\/span> Warum nicht mal ein alter wei\u00dfer Mann? <\/span><\/p>[\/et_pb_team_member][\/et_pb_column][et_pb_column type=&#8220;1_5&#8243; _builder_version=&#8220;4.27.4&#8243; _module_preset=&#8220;default&#8220; global_colors_info=&#8220;{}&#8220; theme_builder_area=&#8220;post_content&#8220;][et_pb_team_member name=&#8220;Anna Bauer&#8220; position=&#8220;Listenplatz: 5&#8243; image_url=&#8220;https:\/\/die-partei-by.de\/wp-content\/uploads\/2025\/01\/photo_5242377094145633362_y1.jpg&#8220; _builder_version=&#8220;4.27.4&#8243; _module_preset=&#8220;default&#8220; global_colors_info=&#8220;{}&#8220; theme_builder_area=&#8220;post_content&#8220;]<p><span style=\"color: #b91023;\"><\/span><\/p>\n<p><span style=\"color: #b91023;\"><\/span><span style=\"color: #b91023;\">Alter:<\/span> 43<br \/><span style=\"color: #b91023;\">Beruf: <span style=\"color: #848484;\">Mediengestalterin<\/span><\/span><br \/><span style=\"color: #848484;\"><span style=\"color: #b91023;\">Wieso ich:<\/span> Der Name ist Programm: Erst mal einen bauen!<br \/><\/span><\/p>[\/et_pb_team_member][\/et_pb_column][\/et_pb_row][\/et_pb_section][et_pb_section fb_built=&#8220;1&#8243; admin_label=&#8220;Blog&#8220; _builder_version=&#8220;4.16&#8243; background_color=&#8220;RGBA(0,0,0,0)&#8220; da_disable_devices=&#8220;off|off|off&#8220; locked=&#8220;off&#8220; collapsed=&#8220;off&#8220; global_colors_info=&#8220;{}&#8220; theme_builder_area=&#8220;post_content&#8220; da_is_popup=&#8220;off&#8220; da_exit_intent=&#8220;off&#8220; da_has_close=&#8220;on&#8220; da_alt_close=&#8220;off&#8220; da_dark_close=&#8220;off&#8220; da_not_modal=&#8220;on&#8220; da_is_singular=&#8220;off&#8220; da_with_loader=&#8220;off&#8220; da_has_shadow=&#8220;on&#8220;][et_pb_row _builder_version=&#8220;4.27.0&#8243; _module_preset=&#8220;default&#8220; global_colors_info=&#8220;{}&#8220; theme_builder_area=&#8220;post_content&#8220;][et_pb_column type=&#8220;4_4&#8243; _builder_version=&#8220;4.27.0&#8243; _module_preset=&#8220;default&#8220; global_colors_info=&#8220;{}&#8220; theme_builder_area=&#8220;post_content&#8220;][et_pb_text admin_label=&#8220;Text&#8220; _builder_version=&#8220;4.27.0&#8243; _module_preset=&#8220;default&#8220; text_font=&#8220;|700|||||||&#8220; text_font_size=&#8220;30px&#8220; text_line_height=&#8220;2em&#8220; text_orientation=&#8220;center&#8220; custom_margin=&#8220;2px||2px||false|false&#8220; custom_padding=&#8220;10px||10px||false|false&#8220; border_width_all=&#8220;6px&#8220; border_color_all=&#8220;#B91023&#8243; global_colors_info=&#8220;{}&#8220; theme_builder_area=&#8220;post_content&#8220;]<p>BUNDESTAGSWAHLEN 2025<\/p>[\/et_pb_text][et_pb_text _builder_version=&#8220;4.27.4&#8243; _module_preset=&#8220;default&#8220; global_colors_info=&#8220;{}&#8220; theme_builder_area=&#8220;post_content&#8220;]<p>Wir haben von Euch \u00fcber 2700 best\u00e4tigte Unterst\u00fctzerunterschriften erhalten und damit werden wir an der Wahl teilnehmen! Das ist mal obermega oder? Und das beste: wir haben sogar schon mit dem Plakatieren begonnen! Und es werden immer mehr und bessere than ever!<\/p>[\/et_pb_text][et_pb_text _builder_version=&#8220;4.27.4&#8243; _module_preset=&#8220;default&#8220; global_colors_info=&#8220;{}&#8220; theme_builder_area=&#8220;post_content&#8220;]<p style=\"text-align: center;\">Und das sind unsere Top5 der Landesliste:\u00a0<\/p>\n<p style=\"text-align: center;\">1. Barbara Hinkelbein<\/p>\n<p style=\"text-align: center;\">2. Bernd Sandner\u00a0<\/p>\n<p style=\"text-align: center;\">3. Jana L\u00f6chel\u00a0<\/p>\n<p style=\"text-align: center;\">4. Jens Rohrer<\/p>\n<p style=\"text-align: center;\">5. Anna Bauer<\/p>[\/et_pb_text][et_pb_button button_url=&#8220;https:\/\/www.weltsozialamt.de\/&#8220; url_new_window=&#8220;on&#8220; button_text=&#8220;Den aktuellen Stand der bereits gesammelten Unterst\u00fctzerunterschriften sowie die UU Formulare der Direktkandidtaten gibt es hier&#8220; button_alignment=&#8220;center&#8220; _builder_version=&#8220;4.27.0&#8243; _module_preset=&#8220;default&#8220; global_colors_info=&#8220;{}&#8220; theme_builder_area=&#8220;post_content&#8220;][\/et_pb_button][et_pb_text _builder_version=&#8220;4.27.0&#8243; _module_preset=&#8220;default&#8220; global_colors_info=&#8220;{}&#8220; theme_builder_area=&#8220;post_content&#8220;]<p style=\"text-align: center;\">Und das sind unsere Direktkandidaten in Bayern:<\/p>\n<ul>\n<li style=\"text-align: center;\">MUC-Ost (WK217): Daniel Bittner<\/li>\n<li style=\"text-align: center;\">MUC-Nord (WK216): Anja Mebes<\/li>\n<li style=\"text-align: center;\">MUC-S\u00fcd (WK218): Barbara Hinkelbein<\/li>\n<li style=\"text-align: center;\">MUC-West\/Mitte (WK219): Philipp Drabinski<\/li>\n<li style=\"text-align: center;\">Ingolstadt (WK215): Jens Rohrer<\/li>\n<li style=\"text-align: center;\">Landsberg am Lech (WK223): Christoph Raab<\/li>\n<li style=\"text-align: center;\">N\u00fcrnberg Nord (WK243): J\u00f6rg Knapp<\/li>\n<li style=\"text-align: center;\">Freising (WK213): Niklas Welser<\/li>\n<li style=\"text-align: center;\">Memmingen-UnterAllg\u00e4u(WK255) Tobias Schmidt<\/li>\n<li style=\"text-align: center;\">Oberallg\u00e4u-Kempten (WK256) Jurij Kind<\/li>\n<li style=\"text-align: center;\">Ostallg\u00e4u-Kaufbeuren (WK257) Herbert Stumpe<\/li>\n<li style=\"text-align: center;\">Erlangen (WK214) Phillip Medina<\/li>\n<li style=\"text-align: center;\">Hof (WK238) Andreas Deinlein<\/li>\n<li style=\"text-align: center;\">Roth (WK241) Max Weggemann<\/li>\n<li style=\"text-align: center;\">Rosenheim (WK221) Esmail Massih Tehrani<\/li>\n<\/ul>[\/et_pb_text][\/et_pb_column][\/et_pb_row][\/et_pb_section]\n","protected":false},"excerpt":{"rendered":"<p>Alter: 49Beruf: GewerkschafterinWieso ich: Niemand hat die Absicht eine Brandmauer zu bauen &#8211; ich schon! Alter: 52Beruf: Kfm. AngestellterWieso ich: Ich kann alles und wei\u00df viel, deshalb bin ich, bei aller Bescheidenheit, der beste Kandidat, der jemals f\u00fcr den Bundestag angetreten ist. Ich verspreche meinen W\u00e4hlern bis zum letzten Blutstropfen gegen die CDU\/CSU Mafia zu [&hellip;]<\/p>\n","protected":false},"author":3,"featured_media":0,"parent":0,"menu_order":0,"comment_status":"closed","ping_status":"closed","template":"","meta":{"_et_pb_use_builder":"on","_et_pb_old_content":"","_et_gb_content_width":"","inline_featured_image":false,"footnotes":""},"class_list":["post-900","page","type-page","status-publish","hentry"],"_links":{"self":[{"href":"https:\/\/die-partei-by.de\/index.php\/wp-json\/wp\/v2\/pages\/900","targetHints":{"allow":["GET"]}}],"collection":[{"href":"https:\/\/die-partei-by.de\/index.php\/wp-json\/wp\/v2\/pages"}],"about":[{"href":"https:\/\/die-partei-by.de\/index.php\/wp-json\/wp\/v2\/types\/page"}],"author":[{"embeddable":true,"href":"https:\/\/die-partei-by.de\/index.php\/wp-json\/wp\/v2\/users\/3"}],"replies":[{"embeddable":true,"href":"https:\/\/die-partei-by.de\/index.php\/wp-json\/wp\/v2\/comments?post=900"}],"version-history":[{"count":3,"href":"https:\/\/die-partei-by.de\/index.php\/wp-json\/wp\/v2\/pages\/900\/revisions"}],"predecessor-version":[{"id":905,"href":"https:\/\/die-partei-by.de\/index.php\/wp-json\/wp\/v2\/pages\/900\/revisions\/905"}],"wp:attachment":[{"href":"https:\/\/die-partei-by.de\/index.php\/wp-json\/wp\/v2\/media?parent=900"}],"curies":[{"name":"wp","href":"https:\/\/api.w.org\/{rel}","templated":true}]}}