{"id":957,"date":"2025-12-12T15:35:28","date_gmt":"2025-12-12T14:35:28","guid":{"rendered":"https:\/\/die-partei-by.de\/?page_id=957"},"modified":"2025-12-12T16:00:11","modified_gmt":"2025-12-12T15:00:11","slug":"kommunalwahlen-bayern-2026","status":"publish","type":"page","link":"https:\/\/die-partei-by.de\/index.php\/kommunalwahlen-bayern-2026\/","title":{"rendered":"Kommunalwahlen Bayern 2026"},"content":{"rendered":"<p>[et_pb_section fb_built=&#8220;1&#8243; _builder_version=&#8220;4.27.5&#8243; _module_preset=&#8220;default&#8220; da_disable_devices=&#8220;off|off|off&#8220; global_colors_info=&#8220;{}&#8220; da_is_popup=&#8220;off&#8220; da_exit_intent=&#8220;off&#8220; da_has_close=&#8220;on&#8220; da_alt_close=&#8220;off&#8220; da_dark_close=&#8220;off&#8220; da_not_modal=&#8220;on&#8220; da_is_singular=&#8220;off&#8220; da_with_loader=&#8220;off&#8220; da_has_shadow=&#8220;on&#8220;][et_pb_row _builder_version=&#8220;4.27.5&#8243; _module_preset=&#8220;default&#8220; hover_enabled=&#8220;0&#8243; global_colors_info=&#8220;{}&#8220; sticky_enabled=&#8220;0&#8243;][et_pb_column type=&#8220;4_4&#8243; _builder_version=&#8220;4.27.5&#8243; _module_preset=&#8220;default&#8220; global_colors_info=&#8220;{}&#8220;][et_pb_text _builder_version=&#8220;4.27.5&#8243; _module_preset=&#8220;default&#8220; hover_enabled=&#8220;0&#8243; global_colors_info=&#8220;{}&#8220; sticky_enabled=&#8220;0&#8243;]<\/p>\n<p>Zur Kommunalwahl in Bayern treten wir in mindestens unten genannten Metropolen des Freistaates an.<\/p>\n<p>ACHTUNG: in einigen dieser legend\u00e4ren Orte ben\u00f6tigen wir Unterst\u00fctzcrunterschriften die (anders als bei BundesLandesEuropawahlen) nicht auf der Stra\u00dfe gesammelt werden k\u00f6nnen, NEIN, dazu mu\u00df derdiedas m\u00fcndige B\u00fcrger*Innen in das jeweilige Rathausamt oder B\u00fcrgerb\u00fcro gehen und um darum bitten unterschreiben zu d\u00fcrfen. Wo k\u00e4men wir sonst auch hin wenn das wieder auf der Stra\u00dfe laufen w\u00fcrde?<\/p>\n<p>[\/et_pb_text][\/et_pb_column][\/et_pb_row][et_pb_row column_structure=&#8220;1_3,1_3,1_3&#8243; _builder_version=&#8220;4.27.5&#8243; _module_preset=&#8220;default&#8220; global_colors_info=&#8220;{}&#8220;][et_pb_column type=&#8220;1_3&#8243; _builder_version=&#8220;4.27.5&#8243; _module_preset=&#8220;default&#8220; global_colors_info=&#8220;{}&#8220;][et_pb_button button_url=&#8220;https:\/\/partei-augsburg.de\/&#8220; url_new_window=&#8220;on&#8220; button_text=&#8220;KV Augsburg&#8220; admin_label=&#8220;Button&#8220; _builder_version=&#8220;4.27.5&#8243; _module_preset=&#8220;default&#8220; global_colors_info=&#8220;{}&#8220;][\/et_pb_button][et_pb_button button_text=&#8220;OV F\u00fcrstenfeldbruck&#8220; admin_label=&#8220;Button&#8220; _builder_version=&#8220;4.27.5&#8243; _module_preset=&#8220;default&#8220; hover_enabled=&#8220;0&#8243; global_colors_info=&#8220;{}&#8220; button_url=&#8220;https:\/\/www.diepartei-ffb.de\/&#8220; sticky_enabled=&#8220;0&#8243;][\/et_pb_button][et_pb_button button_text=&#8220;KV Kaufbeuren&#8220; admin_label=&#8220;Button&#8220; _builder_version=&#8220;4.27.5&#8243; _module_preset=&#8220;default&#8220; hover_enabled=&#8220;0&#8243; global_colors_info=&#8220;{}&#8220; button_url=&#8220;https:\/\/die-partei.net\/ostallgaeu\/kommunalwahlen2026\/&#8220; sticky_enabled=&#8220;0&#8243;][\/et_pb_button][et_pb_button button_text=&#8220;KV Lindau&#8220; admin_label=&#8220;Button&#8220; _builder_version=&#8220;4.27.5&#8243; _module_preset=&#8220;default&#8220; hover_enabled=&#8220;0&#8243; global_colors_info=&#8220;{}&#8220; button_url=&#8220;https:\/\/die-partei.net\/lindau\/&#8220; sticky_enabled=&#8220;0&#8243;][\/et_pb_button][et_pb_button button_text=&#8220;KV Kaufbeuren&#8220; admin_label=&#8220;Button&#8220; _builder_version=&#8220;4.27.5&#8243; _module_preset=&#8220;default&#8220; global_colors_info=&#8220;{}&#8220;][\/et_pb_button][et_pb_button button_url=&#8220;https:\/\/dieparteimuenchen.de\/&#8220; url_new_window=&#8220;on&#8220; button_text=&#8220;KV M\u00fcnchen&#8220; admin_label=&#8220;Button&#8220; _builder_version=&#8220;4.27.5&#8243; _module_preset=&#8220;default&#8220; hover_enabled=&#8220;0&#8243; global_colors_info=&#8220;{}&#8220; sticky_enabled=&#8220;0&#8243;][\/et_pb_button][\/et_pb_column][et_pb_column type=&#8220;1_3&#8243; _builder_version=&#8220;4.27.5&#8243; _module_preset=&#8220;default&#8220; global_colors_info=&#8220;{}&#8220;][et_pb_button button_text=&#8220;OV Baunach &#8220; admin_label=&#8220;Button&#8220; _builder_version=&#8220;4.27.5&#8243; _module_preset=&#8220;default&#8220; hover_enabled=&#8220;0&#8243; global_colors_info=&#8220;{}&#8220; button_url=&#8220;https:\/\/www.facebook.com\/Die.PARTEI.Baunach\/&#8220; sticky_enabled=&#8220;0&#8243;][\/et_pb_button][et_pb_button button_text=&#8220;OV Herzogenaurach&#8220; admin_label=&#8220;Button&#8220; _builder_version=&#8220;4.27.5&#8243; _module_preset=&#8220;default&#8220; global_colors_info=&#8220;{}&#8220;][\/et_pb_button][et_pb_button button_text=&#8220;KV Kempten&#8220; admin_label=&#8220;Button&#8220; _builder_version=&#8220;4.27.5&#8243; _module_preset=&#8220;default&#8220; hover_enabled=&#8220;0&#8243; global_colors_info=&#8220;{}&#8220; button_url=&#8220;https:\/\/die-partei-kempten.de\/&#8220; sticky_enabled=&#8220;0&#8243;][\/et_pb_button][et_pb_button button_text=&#8220;OV Neuburg a.d.Donau&#8220; admin_label=&#8220;Button&#8220; _builder_version=&#8220;4.27.5&#8243; _module_preset=&#8220;default&#8220; global_colors_info=&#8220;{}&#8220;][\/et_pb_button][et_pb_button button_text=&#8220;KV Ostallg\u00e4u&#8220; admin_label=&#8220;Button&#8220; _builder_version=&#8220;4.27.5&#8243; _module_preset=&#8220;default&#8220; hover_enabled=&#8220;0&#8243; global_colors_info=&#8220;{}&#8220; button_url=&#8220;https:\/\/die-partei.net\/ostallgaeu\/kommunalwahlen2026\/&#8220; sticky_enabled=&#8220;0&#8243;][\/et_pb_button][\/et_pb_column][et_pb_column type=&#8220;1_3&#8243; _builder_version=&#8220;4.27.5&#8243; _module_preset=&#8220;default&#8220; global_colors_info=&#8220;{}&#8220;][et_pb_button button_text=&#8220;OV Diessen a.Ammersee&#8220; admin_label=&#8220;Button&#8220; _builder_version=&#8220;4.27.5&#8243; _module_preset=&#8220;default&#8220; hover_enabled=&#8220;0&#8243; global_colors_info=&#8220;{}&#8220; button_url=&#8220;https:\/\/die-partei.net\/landsberg\/&#8220; sticky_enabled=&#8220;0&#8243;][\/et_pb_button][et_pb_button button_text=&#8220;KV Ingolstadt&#8220; admin_label=&#8220;Button&#8220; _builder_version=&#8220;4.27.5&#8243; _module_preset=&#8220;default&#8220; global_colors_info=&#8220;{}&#8220;][\/et_pb_button][et_pb_button button_url=&#8220;https:\/\/die-partei.net\/landsberg\/&#8220; url_new_window=&#8220;on&#8220; button_text=&#8220;KV Landsberg am Lech&#8220; admin_label=&#8220;Button&#8220; _builder_version=&#8220;4.27.5&#8243; _module_preset=&#8220;default&#8220; global_colors_info=&#8220;{}&#8220;][\/et_pb_button][et_pb_button button_text=&#8220;KV Regensburg&#8220; admin_label=&#8220;Button&#8220; _builder_version=&#8220;4.27.5&#8243; _module_preset=&#8220;default&#8220; hover_enabled=&#8220;0&#8243; global_colors_info=&#8220;{}&#8220; button_url=&#8220;https:\/\/dieparteiregensburg.wordpress.com\/&#8220; sticky_enabled=&#8220;0&#8243;][\/et_pb_button][et_pb_button button_text=&#8220;KV Weilheim&#8220; admin_label=&#8220;Button&#8220; _builder_version=&#8220;4.27.5&#8243; _module_preset=&#8220;default&#8220; hover_enabled=&#8220;0&#8243; global_colors_info=&#8220;{}&#8220; button_url=&#8220;https:\/\/die-partei.net\/weilheim-schongau\/&#8220; sticky_enabled=&#8220;0&#8243;][\/et_pb_button][\/et_pb_column][\/et_pb_row][\/et_pb_section]<\/p>\n","protected":false},"excerpt":{"rendered":"<p>Zur Kommunalwahl in Bayern treten wir in mindestens unten genannten Metropolen des Freistaates an. ACHTUNG: in einigen dieser legend\u00e4ren Orte ben\u00f6tigen wir Unterst\u00fctzcrunterschriften die (anders als bei BundesLandesEuropawahlen) nicht auf der Stra\u00dfe gesammelt werden k\u00f6nnen, NEIN, dazu mu\u00df derdiedas m\u00fcndige B\u00fcrger*Innen in das jeweilige Rathausamt oder B\u00fcrgerb\u00fcro gehen und um darum bitten unterschreiben zu d\u00fcrfen. [&hellip;]<\/p>\n","protected":false},"author":2,"featured_media":0,"parent":0,"menu_order":0,"comment_status":"closed","ping_status":"closed","template":"","meta":{"_et_pb_use_builder":"on","_et_pb_old_content":"","_et_gb_content_width":"","inline_featured_image":false,"footnotes":""},"class_list":["post-957","page","type-page","status-publish","hentry"],"_links":{"self":[{"href":"https:\/\/die-partei-by.de\/index.php\/wp-json\/wp\/v2\/pages\/957","targetHints":{"allow":["GET"]}}],"collection":[{"href":"https:\/\/die-partei-by.de\/index.php\/wp-json\/wp\/v2\/pages"}],"about":[{"href":"https:\/\/die-partei-by.de\/index.php\/wp-json\/wp\/v2\/types\/page"}],"author":[{"embeddable":true,"href":"https:\/\/die-partei-by.de\/index.php\/wp-json\/wp\/v2\/users\/2"}],"replies":[{"embeddable":true,"href":"https:\/\/die-partei-by.de\/index.php\/wp-json\/wp\/v2\/comments?post=957"}],"version-history":[{"count":7,"href":"https:\/\/die-partei-by.de\/index.php\/wp-json\/wp\/v2\/pages\/957\/revisions"}],"predecessor-version":[{"id":971,"href":"https:\/\/die-partei-by.de\/index.php\/wp-json\/wp\/v2\/pages\/957\/revisions\/971"}],"wp:attachment":[{"href":"https:\/\/die-partei-by.de\/index.php\/wp-json\/wp\/v2\/media?parent=957"}],"curies":[{"name":"wp","href":"https:\/\/api.w.org\/{rel}","templated":true}]}}