{"id":979,"date":"2026-01-09T10:25:11","date_gmt":"2026-01-09T09:25:11","guid":{"rendered":"https:\/\/die-partei-by.de\/?page_id=979"},"modified":"2026-01-09T11:15:00","modified_gmt":"2026-01-09T10:15:00","slug":"transparenzhinweis","status":"publish","type":"page","link":"https:\/\/die-partei-by.de\/index.php\/transparenzhinweis\/","title":{"rendered":"Transparenzhinweis"},"content":{"rendered":"<p>[et_pb_section fb_built=&#8220;1&#8243; _builder_version=&#8220;4.27.5&#8243; _module_preset=&#8220;default&#8220; da_disable_devices=&#8220;off|off|off&#8220; global_colors_info=&#8220;{}&#8220; da_is_popup=&#8220;off&#8220; da_exit_intent=&#8220;off&#8220; da_has_close=&#8220;on&#8220; da_alt_close=&#8220;off&#8220; da_dark_close=&#8220;off&#8220; da_not_modal=&#8220;on&#8220; da_is_singular=&#8220;off&#8220; da_with_loader=&#8220;off&#8220; da_has_shadow=&#8220;on&#8220;][et_pb_row _builder_version=&#8220;4.27.5&#8243; _module_preset=&#8220;default&#8220; global_colors_info=&#8220;{}&#8220;][et_pb_column type=&#8220;4_4&#8243; _builder_version=&#8220;4.27.5&#8243; _module_preset=&#8220;default&#8220; global_colors_info=&#8220;{}&#8220;][et_pb_text _builder_version=&#8220;4.27.5&#8243; _module_preset=&#8220;default&#8220; custom_margin=&#8220;|3px||3px|false|true&#8220; custom_padding=&#8220;|||5px|false|false&#8220; global_colors_info=&#8220;{}&#8220;]<\/p>\n<p><strong>Transparenzhinweis<\/strong><\/p>\n<p>Transparenzbekanntmachung zur Kommunalwahl in Bayern<br \/>(B\u00fcrgermeister, Gemeinderat, Stadtrat und Landrat) am 8. M\u00e4rz 2026.<\/p>\n<p><strong>Hinweis gem\u00e4\u00df Verordnung (EU) 2024\/900:<\/strong><br \/>Diese Mitteilung erfolgt gem\u00e4\u00df der EU-Verordnung 2024\/900 \u00fcber Transparenz und Targeting politischer Werbung (TTPW-VO).<\/p>\n<p><strong>Sponsor<\/strong><br \/>Die PARTEI Landesverband Bayern<br \/>Schwaighofstra\u00dfe 31, 86899 Landsberg am Lech<br \/><a href=\"mailto:vorstand@die-partei-by.de\">vorstand@die-partei-by.de<\/a><\/p>\n<p><a href=\"http:\/\/www.die-partei-by.de\">www.die-partei-by.de<\/a><\/p>\n<p>&nbsp;<\/p>\n<p><strong>Kontrollierende Einrichtung:<\/strong><br \/>Die PARTEI Landesverband Bayern<\/p>\n<p><strong>Art der politischen Werbung:<\/strong><br \/>Gestaltung, Druck und Ver\u00f6ffentlichung analoger Wahlkampfmittel<br \/>(Aufkleber, Plakate, Flyer, Anzeigen) stehen im Zusammenhang mit der Kommunalwahl 2026 in Bayern.<\/p>\n<p><strong>Zeitraum der Ver\u00f6ffentlichung:<\/strong><br \/>Voraussichtlich Januar 2026 bis M\u00e4rz 2026<\/p>\n<p><strong>Finanzierung:<\/strong><br \/>Alle beschriebenen Ma\u00dfnahmen werden aus Eigenmitteln der Partei Die PARTEI Landesverband Bayern finanziert. Es flie\u00dfen keine Zuwendungen aus dem Ausland.<\/p>\n<p><strong>Anbieter und Herausgeber<\/strong>:<br \/>Beratende Agentur (inhaltlich-strategische Begleitung der Kampagne): Die PARTEI Landesverband Bayern und untergeordnete Bezirks-, Kreis- und Ortsverb\u00e4nde.<\/p>\n<p><strong>Druckdienstleister:<\/strong><\/p>\n<ul>\n<li>Wir machen Druck GmbH, Illerstra\u00dfe 15, 71522 Backnang (Lieferant von Werbemitteln)<\/li>\n<li>Flyeralarm GmbH, <span>Alfred-Nobel-Str. 18, <\/span><span>97080 <\/span>W\u00fcrzburg (Lieferant von Werbemitteln)<\/li>\n<li>Media Tec BEV GmbH, H\u00fcllerstrasse 148, D-32278 Kirchlengern (Lieferant von Werbemitteln)<\/li>\n<\/ul>\n<p><strong>Verarbeitung personenbezogener Daten:<\/strong><br \/>F\u00fcr diese Werbema\u00dfnahmen werden keine personenbezogenen Daten verarbeitet und kein Targeting oder Anzeigenschaltungsverfahren im Sinne von Art. 18 TTPW-VO eingesetzt. Die Werbung erfolgt ausschlie\u00dflich analog.<\/p>\n<p><strong>Archivierung<\/strong><br \/>Diese Transparenzbekanntmachung wird f\u00fcr sieben Jahre nach der letzten Ver\u00f6ffentlichung aufbewahrt.<\/p>\n<p>Landsberg am Lech, im Januar 2026<\/p>\n<p>[\/et_pb_text][et_pb_button button_url=&#8220;https:\/\/eur-lex.europa.eu\/legal-content\/DE\/TXT\/PDF\/?uri=OJ:L_202400900&#8243; url_new_window=&#8220;on&#8220; button_text=&#8220;hier geht&#8217;s zur EU Verordnung&#8220; _builder_version=&#8220;4.27.5&#8243; _module_preset=&#8220;default&#8220; global_colors_info=&#8220;{}&#8220;][\/et_pb_button][\/et_pb_column][\/et_pb_row][\/et_pb_section]<\/p>\n","protected":false},"excerpt":{"rendered":"<p>Transparenzhinweis Transparenzbekanntmachung zur Kommunalwahl in Bayern(B\u00fcrgermeister, Gemeinderat, Stadtrat und Landrat) am 8. M\u00e4rz 2026. Hinweis gem\u00e4\u00df Verordnung (EU) 2024\/900:Diese Mitteilung erfolgt gem\u00e4\u00df der EU-Verordnung 2024\/900 \u00fcber Transparenz und Targeting politischer Werbung (TTPW-VO). SponsorDie PARTEI Landesverband BayernSchwaighofstra\u00dfe 31, 86899 Landsberg am Lechvorstand@die-partei-by.de www.die-partei-by.de &nbsp; Kontrollierende Einrichtung:Die PARTEI Landesverband Bayern Art der politischen Werbung:Gestaltung, Druck und Ver\u00f6ffentlichung [&hellip;]<\/p>\n","protected":false},"author":2,"featured_media":0,"parent":0,"menu_order":0,"comment_status":"closed","ping_status":"closed","template":"","meta":{"_et_pb_use_builder":"on","_et_pb_old_content":"","_et_gb_content_width":"","inline_featured_image":false,"footnotes":""},"class_list":["post-979","page","type-page","status-publish","hentry"],"_links":{"self":[{"href":"https:\/\/die-partei-by.de\/index.php\/wp-json\/wp\/v2\/pages\/979","targetHints":{"allow":["GET"]}}],"collection":[{"href":"https:\/\/die-partei-by.de\/index.php\/wp-json\/wp\/v2\/pages"}],"about":[{"href":"https:\/\/die-partei-by.de\/index.php\/wp-json\/wp\/v2\/types\/page"}],"author":[{"embeddable":true,"href":"https:\/\/die-partei-by.de\/index.php\/wp-json\/wp\/v2\/users\/2"}],"replies":[{"embeddable":true,"href":"https:\/\/die-partei-by.de\/index.php\/wp-json\/wp\/v2\/comments?post=979"}],"version-history":[{"count":7,"href":"https:\/\/die-partei-by.de\/index.php\/wp-json\/wp\/v2\/pages\/979\/revisions"}],"predecessor-version":[{"id":987,"href":"https:\/\/die-partei-by.de\/index.php\/wp-json\/wp\/v2\/pages\/979\/revisions\/987"}],"wp:attachment":[{"href":"https:\/\/die-partei-by.de\/index.php\/wp-json\/wp\/v2\/media?parent=979"}],"curies":[{"name":"wp","href":"https:\/\/api.w.org\/{rel}","templated":true}]}}